{"id":12,"date":"2018-11-16T21:44:15","date_gmt":"2018-11-16T21:44:15","guid":{"rendered":"http:\/\/sanitaer-heizung-schmidt.de\/?page_id=12"},"modified":"2022-12-08T14:10:33","modified_gmt":"2022-12-08T14:10:33","slug":"altbausanierung","status":"publish","type":"page","link":"https:\/\/sanitaer-heizung-schmidt.de\/?page_id=12","title":{"rendered":"Altbausanierung"},"content":{"rendered":"<p>Altbausanierung<\/p>\n<p>Wir gehen individuell auf Ihre W\u00fcnsche ein, versuchen Technik und Sch\u00f6nheit zu vereinen und nehmen zumeist die Koordinierung der einzelnen Gewerke in die Hand! Hierbei spielt die Auswahl der hinzugezogenen Meisterbetriebe eine gro\u00dfe Rolle, da f\u00fcr eine optimale Abstimmung eine lange Erfahrung von N\u00f6ten ist.<\/p>\n<p>Auch im Heizungsbereich ist die Altbausanierung auf das Fundament von technischem \u201eKnow How\u201c gesetzt!<br \/>\nWir bieten sowohl schnell verf\u00fcgbare Austauschheizk\u00f6rper mit gleichem Anschlussma\u00df als auch R\u00f6hrenradiatoren in vielen Farben und Gr\u00f6\u00dfen!<\/p>\n<p>In der Galerie finden Sie eine Vorher \/ Nachher &#8211; Ansicht von uns modernisierter B\u00e4der!<\/p>\n","protected":false},"excerpt":{"rendered":"<p>Altbausanierung Wir gehen individuell auf Ihre W\u00fcnsche ein, versuchen Technik und Sch\u00f6nheit zu vereinen und nehmen zumeist die Koordinierung der einzelnen Gewerke in die Hand! Hierbei spielt die Auswahl der hinzugezogenen Meisterbetriebe eine gro\u00dfe Rolle, da f\u00fcr eine optimale Abstimmung eine lange Erfahrung von N\u00f6ten ist. Auch im Heizungsbereich ist die Altbausanierung auf das Fundament [&hellip;]<\/p>\n","protected":false},"author":1,"featured_media":0,"parent":0,"menu_order":0,"comment_status":"closed","ping_status":"closed","template":"","meta":{"footnotes":""},"class_list":["post-12","page","type-page","status-publish","hentry"],"_links":{"self":[{"href":"https:\/\/sanitaer-heizung-schmidt.de\/index.php?rest_route=\/wp\/v2\/pages\/12","targetHints":{"allow":["GET"]}}],"collection":[{"href":"https:\/\/sanitaer-heizung-schmidt.de\/index.php?rest_route=\/wp\/v2\/pages"}],"about":[{"href":"https:\/\/sanitaer-heizung-schmidt.de\/index.php?rest_route=\/wp\/v2\/types\/page"}],"author":[{"embeddable":true,"href":"https:\/\/sanitaer-heizung-schmidt.de\/index.php?rest_route=\/wp\/v2\/users\/1"}],"replies":[{"embeddable":true,"href":"https:\/\/sanitaer-heizung-schmidt.de\/index.php?rest_route=%2Fwp%2Fv2%2Fcomments&post=12"}],"version-history":[{"count":6,"href":"https:\/\/sanitaer-heizung-schmidt.de\/index.php?rest_route=\/wp\/v2\/pages\/12\/revisions"}],"predecessor-version":[{"id":86,"href":"https:\/\/sanitaer-heizung-schmidt.de\/index.php?rest_route=\/wp\/v2\/pages\/12\/revisions\/86"}],"wp:attachment":[{"href":"https:\/\/sanitaer-heizung-schmidt.de\/index.php?rest_route=%2Fwp%2Fv2%2Fmedia&parent=12"}],"curies":[{"name":"wp","href":"https:\/\/api.w.org\/{rel}","templated":true}]}}