{"id":14,"date":"2018-11-16T21:49:14","date_gmt":"2018-11-16T21:49:14","guid":{"rendered":"http:\/\/sanitaer-heizung-schmidt.de\/?page_id=14"},"modified":"2018-11-16T22:42:49","modified_gmt":"2018-11-16T22:42:49","slug":"firmenprofil","status":"publish","type":"page","link":"https:\/\/sanitaer-heizung-schmidt.de\/?page_id=14","title":{"rendered":"Firmenprofil"},"content":{"rendered":"<p class=\"stil3\">Firmenprofil<\/p>\n<p class=\"stil2\">Die Gr\u00fcndung der Firma Heizung Sanit\u00e4r Frank Schmidt erfolgte im M\u00e4rz 2000. Sitz der Firma ist in M\u00f6nchengladbach \/ Rheydt.<\/p>\n<p class=\"stil2\">Unter Kundendienst verstehen wir <span class=\"stil31\">&#8222;Dienst am Kunden&#8220;<\/span>. Es ist unser Ziel individuell zu Ihrer Zufriedenheit zu Arbeiten. Nicht den schnellen Euro durch den Einbau von Billiganlagen, sondern die Montage von geplanten Anlagen nach Ihren speziellen Bed\u00fcrfnissen mit vorheriger Beratung.<br \/>\nWir nehmen uns Zeit f\u00fcr unsere Kunden. Ein pers\u00f6nliches Beratungsgespr\u00e4ch ist auch ohne erteilten Auftrag f\u00fcr Sie <span class=\"stil31\">kostenfrei!<\/span><\/p>\n<p class=\"stil2\">F\u00fcr die Durchf\u00fchrung von Wartungen und Betreuung bei eventuell auftretenden Problemen f\u00fchlen wir uns auch nach Bezahlung der Schlussrechnung verpflichtet.<\/p>\n","protected":false},"excerpt":{"rendered":"<p>Firmenprofil Die Gr\u00fcndung der Firma Heizung Sanit\u00e4r Frank Schmidt erfolgte im M\u00e4rz 2000. Sitz der Firma ist in M\u00f6nchengladbach \/ Rheydt. Unter Kundendienst verstehen wir &#8222;Dienst am Kunden&#8220;. Es ist unser Ziel individuell zu Ihrer Zufriedenheit zu Arbeiten. Nicht den schnellen Euro durch den Einbau von Billiganlagen, sondern die Montage von geplanten Anlagen nach Ihren [&hellip;]<\/p>\n","protected":false},"author":1,"featured_media":0,"parent":0,"menu_order":0,"comment_status":"closed","ping_status":"closed","template":"","meta":{"footnotes":""},"class_list":["post-14","page","type-page","status-publish","hentry"],"_links":{"self":[{"href":"https:\/\/sanitaer-heizung-schmidt.de\/index.php?rest_route=\/wp\/v2\/pages\/14","targetHints":{"allow":["GET"]}}],"collection":[{"href":"https:\/\/sanitaer-heizung-schmidt.de\/index.php?rest_route=\/wp\/v2\/pages"}],"about":[{"href":"https:\/\/sanitaer-heizung-schmidt.de\/index.php?rest_route=\/wp\/v2\/types\/page"}],"author":[{"embeddable":true,"href":"https:\/\/sanitaer-heizung-schmidt.de\/index.php?rest_route=\/wp\/v2\/users\/1"}],"replies":[{"embeddable":true,"href":"https:\/\/sanitaer-heizung-schmidt.de\/index.php?rest_route=%2Fwp%2Fv2%2Fcomments&post=14"}],"version-history":[{"count":2,"href":"https:\/\/sanitaer-heizung-schmidt.de\/index.php?rest_route=\/wp\/v2\/pages\/14\/revisions"}],"predecessor-version":[{"id":43,"href":"https:\/\/sanitaer-heizung-schmidt.de\/index.php?rest_route=\/wp\/v2\/pages\/14\/revisions\/43"}],"wp:attachment":[{"href":"https:\/\/sanitaer-heizung-schmidt.de\/index.php?rest_route=%2Fwp%2Fv2%2Fmedia&parent=14"}],"curies":[{"name":"wp","href":"https:\/\/api.w.org\/{rel}","templated":true}]}}