{"id":4,"date":"2018-11-16T21:42:59","date_gmt":"2018-11-16T21:42:59","guid":{"rendered":"http:\/\/sanitaer-heizung-schmidt.de\/?page_id=4"},"modified":"2018-11-17T01:12:12","modified_gmt":"2018-11-17T01:12:12","slug":"sanitaer","status":"publish","type":"page","link":"https:\/\/sanitaer-heizung-schmidt.de\/?page_id=4","title":{"rendered":"Sanit\u00e4r"},"content":{"rendered":"<p>Sanit\u00e4re Einrichtungen &#8211; Bad-Design<\/p>\n<p>Die Sanit\u00e4rinstallation erfordert eine Menge an Fachwissen \u00fcber Rohrleitungen und Sanit\u00e4robjekte.<\/p>\n<p>Selbstverst\u00e4ndlich geh\u00f6rt das schlichte Erneuern von Waschtischen- und Becken, WC\u2019s und Armaturen zu unserem Service!<br \/>\nUnter erfahrener technischer Beratung k\u00f6nnen Sie planen &#8211; und planen lassen!<br \/>\nDie Auswahl der hierf\u00fcr ben\u00f6tigten Materialien und Armaturen erstreckt sich vom Massenstandard bis zum hochmodernen Designobjekt. Die Preisgestaltung ist g\u00fcnstig, wenn man bedenkt dass Meisterbetrieb und Fachhandel f\u00fcr Gew\u00e4hrleistung und schnellste Versorgung mit Ersatzteilen stehen!<\/p>\n<p>Lassen Sie sich von der Galerie inspirieren, welche eine Auswahl der von uns installierten Einrichtungen darstellt.<\/p>\n<p>Sanit\u00e4re Einrichtungen &#8211; Bad-Design<\/p>\n<p>Beim Auswechseln von Bade- und Duschwanne sollte der Gedanke in Richtung neues Bad gehen, welches auch im niedrigen Preissegment einen gewissen Pfiff bekommen kann!<\/p>\n<p>Eine unserer Spezialit\u00e4ten ist die \u201cOffene Dusche\u201d!<br \/>\nHier an zwei Beispielen dargestellt:<\/p>\n<p>Ein gro\u00dfer Duschbereich vorne offen f\u00fcr den schnellen und bequemen Ein- und Ausstieg, ohne gro\u00dfartiges trockenwischen der Abtrennung.<\/p>\n<p>Gerade bei solchen Vorhaben ist es wichtig auf eine erfahrene Planung zu setzen!<\/p>\n<p><img loading=\"lazy\" decoding=\"async\" class=\"alignleft wp-image-72\" src=\"https:\/\/sanitaer-heizung-schmidt.de\/wp-content\/uploads\/2018\/11\/Bad-1600-500-300x94.jpg\" alt=\"\" width=\"727\" height=\"228\" srcset=\"https:\/\/sanitaer-heizung-schmidt.de\/wp-content\/uploads\/2018\/11\/Bad-1600-500-300x94.jpg 300w, https:\/\/sanitaer-heizung-schmidt.de\/wp-content\/uploads\/2018\/11\/Bad-1600-500-768x240.jpg 768w, https:\/\/sanitaer-heizung-schmidt.de\/wp-content\/uploads\/2018\/11\/Bad-1600-500-1024x320.jpg 1024w, https:\/\/sanitaer-heizung-schmidt.de\/wp-content\/uploads\/2018\/11\/Bad-1600-500.jpg 1600w\" sizes=\"auto, (max-width: 727px) 100vw, 727px\" \/><\/p>\n","protected":false},"excerpt":{"rendered":"<p>Sanit\u00e4re Einrichtungen &#8211; Bad-Design Die Sanit\u00e4rinstallation erfordert eine Menge an Fachwissen \u00fcber Rohrleitungen und Sanit\u00e4robjekte. Selbstverst\u00e4ndlich geh\u00f6rt das schlichte Erneuern von Waschtischen- und Becken, WC\u2019s und Armaturen zu unserem Service! Unter erfahrener technischer Beratung k\u00f6nnen Sie planen &#8211; und planen lassen! Die Auswahl der hierf\u00fcr ben\u00f6tigten Materialien und Armaturen erstreckt sich vom Massenstandard bis zum [&hellip;]<\/p>\n","protected":false},"author":1,"featured_media":0,"parent":0,"menu_order":0,"comment_status":"closed","ping_status":"closed","template":"","meta":{"footnotes":""},"class_list":["post-4","page","type-page","status-publish","hentry"],"_links":{"self":[{"href":"https:\/\/sanitaer-heizung-schmidt.de\/index.php?rest_route=\/wp\/v2\/pages\/4","targetHints":{"allow":["GET"]}}],"collection":[{"href":"https:\/\/sanitaer-heizung-schmidt.de\/index.php?rest_route=\/wp\/v2\/pages"}],"about":[{"href":"https:\/\/sanitaer-heizung-schmidt.de\/index.php?rest_route=\/wp\/v2\/types\/page"}],"author":[{"embeddable":true,"href":"https:\/\/sanitaer-heizung-schmidt.de\/index.php?rest_route=\/wp\/v2\/users\/1"}],"replies":[{"embeddable":true,"href":"https:\/\/sanitaer-heizung-schmidt.de\/index.php?rest_route=%2Fwp%2Fv2%2Fcomments&post=4"}],"version-history":[{"count":4,"href":"https:\/\/sanitaer-heizung-schmidt.de\/index.php?rest_route=\/wp\/v2\/pages\/4\/revisions"}],"predecessor-version":[{"id":74,"href":"https:\/\/sanitaer-heizung-schmidt.de\/index.php?rest_route=\/wp\/v2\/pages\/4\/revisions\/74"}],"wp:attachment":[{"href":"https:\/\/sanitaer-heizung-schmidt.de\/index.php?rest_route=%2Fwp%2Fv2%2Fmedia&parent=4"}],"curies":[{"name":"wp","href":"https:\/\/api.w.org\/{rel}","templated":true}]}}