{"id":6,"date":"2018-11-16T21:43:30","date_gmt":"2018-11-16T21:43:30","guid":{"rendered":"http:\/\/sanitaer-heizung-schmidt.de\/?page_id=6"},"modified":"2018-11-16T22:39:36","modified_gmt":"2018-11-16T22:39:36","slug":"heizungsbau-wartung","status":"publish","type":"page","link":"https:\/\/sanitaer-heizung-schmidt.de\/?page_id=6","title":{"rendered":"Heizungsbau &#038; Wartung"},"content":{"rendered":"<p class=\"stil3\">Heizungsbau und Wartung<\/p>\n<p class=\"stil2\">Heizk\u00f6rper dienen heute oft als Designelement!<br \/>\nHier eine Auswahl an von uns montierten Heizk\u00f6rpern:<br \/>\nvom Handtuchtrockner im Bad bis zum kleinsten G\u00e4ste-WC-Heizk\u00f6rper ist fast alles m\u00f6glich. Ein exaktes vorrichten der Heizk\u00f6rper erleichtert eine schnelle und saubere Fertigmontage. Auch die Montage von einfachen, kosteng\u00fcnstigen Kompaktheizk\u00f6rpern wird von uns technisch optimiert durchgef\u00fchrt.<\/p>\n<p class=\"stil2\">Des weiteren ist eine Fu\u00dfbodenbegleitheizung besonders im Badezimmer eine immer gern gewollte Erg\u00e4nzung zum Badheizk\u00f6rper ohne gro\u00dfen technischen Aufwand!<\/p>\n","protected":false},"excerpt":{"rendered":"<p>Heizungsbau und Wartung Heizk\u00f6rper dienen heute oft als Designelement! Hier eine Auswahl an von uns montierten Heizk\u00f6rpern: vom Handtuchtrockner im Bad bis zum kleinsten G\u00e4ste-WC-Heizk\u00f6rper ist fast alles m\u00f6glich. Ein exaktes vorrichten der Heizk\u00f6rper erleichtert eine schnelle und saubere Fertigmontage. Auch die Montage von einfachen, kosteng\u00fcnstigen Kompaktheizk\u00f6rpern wird von uns technisch optimiert durchgef\u00fchrt. Des weiteren [&hellip;]<\/p>\n","protected":false},"author":1,"featured_media":0,"parent":0,"menu_order":0,"comment_status":"closed","ping_status":"closed","template":"","meta":{"footnotes":""},"class_list":["post-6","page","type-page","status-publish","hentry"],"_links":{"self":[{"href":"https:\/\/sanitaer-heizung-schmidt.de\/index.php?rest_route=\/wp\/v2\/pages\/6","targetHints":{"allow":["GET"]}}],"collection":[{"href":"https:\/\/sanitaer-heizung-schmidt.de\/index.php?rest_route=\/wp\/v2\/pages"}],"about":[{"href":"https:\/\/sanitaer-heizung-schmidt.de\/index.php?rest_route=\/wp\/v2\/types\/page"}],"author":[{"embeddable":true,"href":"https:\/\/sanitaer-heizung-schmidt.de\/index.php?rest_route=\/wp\/v2\/users\/1"}],"replies":[{"embeddable":true,"href":"https:\/\/sanitaer-heizung-schmidt.de\/index.php?rest_route=%2Fwp%2Fv2%2Fcomments&post=6"}],"version-history":[{"count":2,"href":"https:\/\/sanitaer-heizung-schmidt.de\/index.php?rest_route=\/wp\/v2\/pages\/6\/revisions"}],"predecessor-version":[{"id":39,"href":"https:\/\/sanitaer-heizung-schmidt.de\/index.php?rest_route=\/wp\/v2\/pages\/6\/revisions\/39"}],"wp:attachment":[{"href":"https:\/\/sanitaer-heizung-schmidt.de\/index.php?rest_route=%2Fwp%2Fv2%2Fmedia&parent=6"}],"curies":[{"name":"wp","href":"https:\/\/api.w.org\/{rel}","templated":true}]}}