{"id":8,"date":"2018-11-16T21:43:44","date_gmt":"2018-11-16T21:43:44","guid":{"rendered":"http:\/\/sanitaer-heizung-schmidt.de\/?page_id=8"},"modified":"2018-11-16T22:39:04","modified_gmt":"2018-11-16T22:39:04","slug":"brennwerttechnik","status":"publish","type":"page","link":"https:\/\/sanitaer-heizung-schmidt.de\/?page_id=8","title":{"rendered":"Brennwerttechnik"},"content":{"rendered":"<p>Die Brennwerttechnik ist ausgereift!<\/p>\n<p>Heutige Ger\u00e4tegenerationen sind mit automatischer Abgas\u00fcberwachung ausgestattet, was zum einen zu einem konstanten CO2 Gehalt im Abgas f\u00fchrt und somit immer eine optimale Verbrennung gew\u00e4hrleistet:<br \/>\ngeringer Verbrauch &#8211; geringe Schadstoffe.<\/p>\n<p>Bei der Auswahl des Fabrikats sollten Sie auch auf die Wartungsfreundlichkeit achten. Brennwertger\u00e4te sind in fast allen Gr\u00f6\u00dfen lieferbar. Bei gr\u00f6\u00dferen Anlagen ist eine Kaskadenschaltung der Brennwertger\u00e4te empfehlenswert. In diesem Fall werden mehrere Ger\u00e4te zur Versorgung eines Hauses zusammen installiert und vom Fachmann so programmiert, dass f\u00fcr die ben\u00f6tigte Energie nur so viele Ger\u00e4te in Betrieb gehen wie n\u00f6tig. Bei der Wartung eines Brennwertger\u00e4tes ist darauf zu achten, dass die vom Hersteller vorgegebenen Wechselintervalle diverser Dichtungen eingehalten werden. Somit ist auch eine Brennwertwartung so zu planen, dass entsprechende Teile im Sortiment vorhanden sind!<\/p>\n<p>Auf Wunsch bauen wir auch Niedertemperaturheizkessel und -Thermen ein, wobei auch diese regelm\u00e4\u00dfig gewartet werden m\u00fcssen.<\/p>\n<p>Des Weiteren montieren wir Wasserw\u00e4rmepumpen, Pelletsheizungen und Luft-Wasserw\u00e4rmepumpen.<\/p>\n<p>Diese Alternativen zu Gas und \u00d6l bekommen immer mehr Zuspruch, es scheitert bei Holzpellets jedoch oftmals am feuchtigkeitsfreien Raum, der unerl\u00e4sslich ist!<\/p>\n<p>Bei Wasserw\u00e4rmepumpen sind im Raum M\u00f6nchengladbach m\u00f6glicherweise bis zu 200 Meter tiefe oder 4&#215;50 Meter tiefe Bohrungen f\u00fcr ein Einfamilienhaus notwendig. Dies ist individuell im Vorfeld zu pr\u00fcfen.<\/p>\n<p>Pelletsheizkessel und W\u00e4rmepumpen sind im Anschaffungs- und Installationsvergleich hochpreisiger als konventionelle Technik, jedoch sind beide mit weniger Energiekosten verbunden!<\/p>\n","protected":false},"excerpt":{"rendered":"<p>Die Brennwerttechnik ist ausgereift! Heutige Ger\u00e4tegenerationen sind mit automatischer Abgas\u00fcberwachung ausgestattet, was zum einen zu einem konstanten CO2 Gehalt im Abgas f\u00fchrt und somit immer eine optimale Verbrennung gew\u00e4hrleistet: geringer Verbrauch &#8211; geringe Schadstoffe. Bei der Auswahl des Fabrikats sollten Sie auch auf die Wartungsfreundlichkeit achten. Brennwertger\u00e4te sind in fast allen Gr\u00f6\u00dfen lieferbar. Bei gr\u00f6\u00dferen [&hellip;]<\/p>\n","protected":false},"author":1,"featured_media":0,"parent":0,"menu_order":0,"comment_status":"closed","ping_status":"closed","template":"","meta":{"footnotes":""},"class_list":["post-8","page","type-page","status-publish","hentry"],"_links":{"self":[{"href":"https:\/\/sanitaer-heizung-schmidt.de\/index.php?rest_route=\/wp\/v2\/pages\/8","targetHints":{"allow":["GET"]}}],"collection":[{"href":"https:\/\/sanitaer-heizung-schmidt.de\/index.php?rest_route=\/wp\/v2\/pages"}],"about":[{"href":"https:\/\/sanitaer-heizung-schmidt.de\/index.php?rest_route=\/wp\/v2\/types\/page"}],"author":[{"embeddable":true,"href":"https:\/\/sanitaer-heizung-schmidt.de\/index.php?rest_route=\/wp\/v2\/users\/1"}],"replies":[{"embeddable":true,"href":"https:\/\/sanitaer-heizung-schmidt.de\/index.php?rest_route=%2Fwp%2Fv2%2Fcomments&post=8"}],"version-history":[{"count":2,"href":"https:\/\/sanitaer-heizung-schmidt.de\/index.php?rest_route=\/wp\/v2\/pages\/8\/revisions"}],"predecessor-version":[{"id":38,"href":"https:\/\/sanitaer-heizung-schmidt.de\/index.php?rest_route=\/wp\/v2\/pages\/8\/revisions\/38"}],"wp:attachment":[{"href":"https:\/\/sanitaer-heizung-schmidt.de\/index.php?rest_route=%2Fwp%2Fv2%2Fmedia&parent=8"}],"curies":[{"name":"wp","href":"https:\/\/api.w.org\/{rel}","templated":true}]}}